{"id":13952,"date":"2022-02-09T10:58:25","date_gmt":"2022-02-09T10:58:25","guid":{"rendered":"https:\/\/mvmdriver.com\/about-us\/"},"modified":"2023-12-10T17:23:11","modified_gmt":"2023-12-10T17:23:11","slug":"about-us","status":"publish","type":"page","link":"https:\/\/mvmdriver.com\/it\/about-us\/","title":{"rendered":"Chi siamo"},"content":{"rendered":"\t\t<div data-elementor-type=\"wp-page\" data-elementor-id=\"13952\" class=\"elementor elementor-13952 elementor-5305\">\n\t\t\t\t\t\t\t\t\t<section class=\"elementor-section elementor-top-section elementor-element elementor-element-e65d57d elementor-section-stretched elementor-section-boxed elementor-section-height-default elementor-section-height-default\" data-id=\"e65d57d\" data-element_type=\"section\" data-settings=\"{&quot;stretch_section&quot;:&quot;section-stretched&quot;,&quot;background_background&quot;:&quot;classic&quot;}\">\n\t\t\t\t\t\t<div class=\"elementor-container elementor-column-gap-default\">\n\t\t\t\t\t<div class=\"elementor-column elementor-col-100 elementor-top-column elementor-element elementor-element-fd32c22\" data-id=\"fd32c22\" data-element_type=\"column\">\n\t\t\t<div class=\"elementor-widget-wrap elementor-element-populated\">\n\t\t\t\t\t\t\t\t<div class=\"elementor-element elementor-element-a6ff35c elementor-widget elementor-widget-heading\" data-id=\"a6ff35c\" data-element_type=\"widget\" data-widget_type=\"heading.default\">\n\t\t\t\t<div class=\"elementor-widget-container\">\n\t\t\t<style>\/*! elementor - v3.10.1 - 17-01-2023 *\/\n.elementor-heading-title{padding:0;margin:0;line-height:1}.elementor-widget-heading .elementor-heading-title[class*=elementor-size-]>a{color:inherit;font-size:inherit;line-height:inherit}.elementor-widget-heading .elementor-heading-title.elementor-size-small{font-size:15px}.elementor-widget-heading .elementor-heading-title.elementor-size-medium{font-size:19px}.elementor-widget-heading .elementor-heading-title.elementor-size-large{font-size:29px}.elementor-widget-heading .elementor-heading-title.elementor-size-xl{font-size:39px}.elementor-widget-heading .elementor-heading-title.elementor-size-xxl{font-size:59px}<\/style><h2 class=\"elementor-heading-title elementor-size-default\">Unitevi alla nostra comunit\u00e0 di NCC di successo!<\/h2>\t\t<\/div>\n\t\t\t\t<\/div>\n\t\t\t\t<div class=\"elementor-element elementor-element-b851d7b elementor-widget elementor-widget-text-editor\" data-id=\"b851d7b\" data-element_type=\"widget\" data-widget_type=\"text-editor.default\">\n\t\t\t\t<div class=\"elementor-widget-container\">\n\t\t\t<style>\/*! elementor - v3.10.1 - 17-01-2023 *\/\n.elementor-widget-text-editor.elementor-drop-cap-view-stacked .elementor-drop-cap{background-color:#818a91;color:#fff}.elementor-widget-text-editor.elementor-drop-cap-view-framed .elementor-drop-cap{color:#818a91;border:3px solid;background-color:transparent}.elementor-widget-text-editor:not(.elementor-drop-cap-view-default) .elementor-drop-cap{margin-top:8px}.elementor-widget-text-editor:not(.elementor-drop-cap-view-default) .elementor-drop-cap-letter{width:1em;height:1em}.elementor-widget-text-editor .elementor-drop-cap{float:left;text-align:center;line-height:1;font-size:50px}.elementor-widget-text-editor .elementor-drop-cap-letter{display:inline-block}<\/style>\t\t\t\t<p>Benvenuti su MVMdriver, una piattaforma creata da autisti esperti per trasformare il settore del NCC. Nata dall&#8217;esperienza collettiva dei professionisti, MVMdriver \u00e8 stata concepita per soddisfare le esigenze specifiche degli operatori del settore limousine. La nostra missione \u00e8 fornire una soluzione centralizzata per un&#8217;organizzazione efficiente dei servizi, un networking professionale e una maggiore visibilit\u00e0 globale.<\/p><p>In MVMdriver fondiamo l&#8217;innovazione con un design incentrato sull&#8217;utente, assicurando che la nostra tecnologia sia intuitiva e all&#8217;avanguardia. Ci impegniamo a costruire la rete pi\u00f9 grande e pi\u00f9 solidale sia per i singoli autisti che per le flotte, promuovendo un forte senso di comunit\u00e0 e collaborazione.<\/p><p>Il vostro feedback \u00e8 la nostra roadmap. Integriamo attivamente i vostri suggerimenti nella nostra piattaforma, rendendo MVMdriver uno strumento dinamico, in continua evoluzione e adatto alle vostre esigenze.<\/p><p>Unitevi a noi in questo viaggio per portare la vostra attivit\u00e0 di NCC a nuovi livelli. Benvenuti in MVMdriver, dove la collaborazione porta al successo.<\/p>\t\t\t\t\t\t<\/div>\n\t\t\t\t<\/div>\n\t\t\t\t\t<\/div>\n\t\t<\/div>\n\t\t\t\t\t\t\t<\/div>\n\t\t<\/section>\n\t\t\t\t\t\t\t<\/div>\n\t\t","protected":false},"excerpt":{"rendered":"<p>Unitevi alla nostra comunit\u00e0 di NCC di successo! Benvenuti su MVMdriver, una piattaforma creata da autisti esperti per trasformare il settore del NCC. Nata dall&#8217;esperienza collettiva dei professionisti, MVMdriver \u00e8 stata concepita per soddisfare le esigenze specifiche degli operatori del settore limousine. La nostra missione \u00e8 fornire una soluzione centralizzata per un&#8217;organizzazione efficiente dei servizi, [&hellip;]<\/p>\n","protected":false},"author":1,"featured_media":0,"parent":0,"menu_order":0,"comment_status":"closed","ping_status":"closed","template":"page-templates\/full-width.php","meta":{"footnotes":""},"class_list":["post-13952","page","type-page","status-publish","hentry"],"_links":{"self":[{"href":"https:\/\/mvmdriver.com\/it\/wp-json\/wp\/v2\/pages\/13952","targetHints":{"allow":["GET"]}}],"collection":[{"href":"https:\/\/mvmdriver.com\/it\/wp-json\/wp\/v2\/pages"}],"about":[{"href":"https:\/\/mvmdriver.com\/it\/wp-json\/wp\/v2\/types\/page"}],"author":[{"embeddable":true,"href":"https:\/\/mvmdriver.com\/it\/wp-json\/wp\/v2\/users\/1"}],"replies":[{"embeddable":true,"href":"https:\/\/mvmdriver.com\/it\/wp-json\/wp\/v2\/comments?post=13952"}],"version-history":[{"count":28,"href":"https:\/\/mvmdriver.com\/it\/wp-json\/wp\/v2\/pages\/13952\/revisions"}],"predecessor-version":[{"id":14900,"href":"https:\/\/mvmdriver.com\/it\/wp-json\/wp\/v2\/pages\/13952\/revisions\/14900"}],"wp:attachment":[{"href":"https:\/\/mvmdriver.com\/it\/wp-json\/wp\/v2\/media?parent=13952"}],"curies":[{"name":"wp","href":"https:\/\/api.w.org\/{rel}","templated":true}]}}